{"id":1528,"date":"2019-12-16T15:43:19","date_gmt":"2019-12-16T14:43:19","guid":{"rendered":"http:\/\/jhf.com.py\/v6\/?page_id=1528"},"modified":"2019-12-30T22:49:28","modified_gmt":"2019-12-30T21:49:28","slug":"unete","status":"publish","type":"page","link":"http:\/\/jhf.com.py\/v6\/unete\/","title":{"rendered":"Trabaja con Nosotros"},"content":{"rendered":"<div data-colibri-id=\"1528-c1\" class=\"style-618 style-local-1528-c1 position-relative\">\n  <!---->\n  <div data-colibri-component=\"section\" data-colibri-id=\"1528-c2\" id=\"custom\" class=\"h-section h-section-global-spacing d-flex align-items-lg-center align-items-md-center align-items-center style-625 style-local-1528-c2 position-relative\">\n    <!---->\n    <!---->\n    <div class=\"h-section-grid-container h-section-boxed-container\">\n      <!---->\n      <div data-colibri-id=\"1528-c3\" class=\"h-row-container gutters-row-lg-2 gutters-row-md-2 gutters-row-0 gutters-row-v-lg-2 gutters-row-v-md-2 gutters-row-v-2 style-626 style-local-1528-c3 position-relative\">\n        <!---->\n        <div class=\"h-row justify-content-lg-center justify-content-md-center justify-content-center align-items-lg-stretch align-items-md-stretch align-items-stretch gutters-col-lg-2 gutters-col-md-2 gutters-col-0 gutters-col-v-lg-2 gutters-col-v-md-2 gutters-col-v-2\">\n          <!---->\n          <div class=\"h-column h-column-container d-flex h-col-lg-auto h-col-md-auto h-col-auto style-649-outer style-local-1528-c4-outer\">\n            <div data-colibri-id=\"1528-c4\" class=\"d-flex h-flex-basis h-column__inner h-px-lg-2 h-px-md-2 h-px-2 v-inner-lg-2 v-inner-md-2 v-inner-2 style-649 style-local-1528-c4 position-relative\">\n              <!---->\n              <!---->\n              <div class=\"w-100 h-y-container h-column__content h-column__v-align flex-basis-100 align-self-lg-start align-self-md-start align-self-start\">\n                <!---->\n                <div data-colibri-id=\"1528-c5\" class=\"h-global-transition-all h-heading style-683 style-local-1528-c5 position-relative h-element\">\n                  <!---->\n                  <!---->\n                  <h6 class=\"\">En jhf, la b\u00fasqueda de la excelencia nunca se detiene, es por eso que constantemente motivamos el desarrollo de personas con excelentes aptitudes profesionales, que permitan establecer una relaci\u00f3n a largo plazo con la empresa.\n                    <br>\n                    <br>Queremos conocerte. Complet\u00e1 el formulario con tus datos y hac\u00e9 clic en el boton de enviar.\n                    <br>\n                    <br>En el momento en que tengamos una vacante que se ajuste a tu perfil y expectativas, te estaremos contactando. <\/h6>\n                <\/div>\n              <\/div>\n            <\/div>\n          <\/div>\n          <div class=\"h-column h-column-container d-flex h-col-lg-auto h-col-md-auto h-col-auto style-628-outer style-local-1528-c6-outer\">\n            <div data-colibri-id=\"1528-c6\" class=\"d-flex h-flex-basis h-column__inner h-px-lg-2 h-px-md-2 h-px-2 v-inner-lg-2 v-inner-md-2 v-inner-2 style-628 style-local-1528-c6 position-relative\">\n              <!---->\n              <!---->\n              <div class=\"w-100 h-y-container h-column__content h-column__v-align flex-basis-100 align-self-lg-start align-self-md-start align-self-start\">\n                <!---->\n                <div data-colibri-id=\"1528-c7\" class=\"style-630 style-local-1528-c7 position-relative h-element\">\n                  <!---->\n                  <div class=\"h-global-transition-all h-contact-form-shortcode h-global-transition h-global-transition-all\"><div class=\"wpforms-container wpforms-container-full\" id=\"wpforms-1531\"><form id=\"wpforms-form-1531\" class=\"wpforms-validate wpforms-form\" data-formid=\"1531\" method=\"post\" enctype=\"multipart\/form-data\" action=\"\/v6\/wp-json\/wp\/v2\/pages\/1528\" data-token=\"fa71a25bad3db4247289a7ec4b0a87e2\"><noscript class=\"wpforms-error-noscript\">Por favor, activa JavaScript en tu navegador para completar este formulario.<\/noscript><div class=\"wpforms-field-container\"><div id=\"wpforms-1531-field_3-container\" class=\"wpforms-field wpforms-field-name wpforms-one-half wpforms-first\" data-field-id=\"3\"><label class=\"wpforms-field-label\" for=\"wpforms-1531-field_3\">Nombre y apellido: <span class=\"wpforms-required-label\">*<\/span><\/label><input type=\"text\" id=\"wpforms-1531-field_3\" class=\"wpforms-field-large wpforms-field-required\" name=\"wpforms[fields][3]\" placeholder=\"Introduce su nombre y su apellido\" required><\/div><div id=\"wpforms-1531-field_9-container\" class=\"wpforms-field wpforms-field-text\" data-field-id=\"9\"><label class=\"wpforms-field-label\" for=\"wpforms-1531-field_9\">Tel\u00e9fono<\/label><input type=\"text\" id=\"wpforms-1531-field_9\" class=\"wpforms-field-medium\" name=\"wpforms[fields][9]\" placeholder=\"Introduce su numero movil\" ><\/div><div id=\"wpforms-1531-field_5-container\" class=\"wpforms-field wpforms-field-text\" data-field-id=\"5\"><label class=\"wpforms-field-label\" for=\"wpforms-1531-field_5\">Barrio donde viv\u00eds:<\/label><input type=\"text\" id=\"wpforms-1531-field_5\" class=\"wpforms-field-medium\" name=\"wpforms[fields][5]\" placeholder=\"Introduce su barrio\" ><\/div><div id=\"wpforms-1531-field_7-container\" class=\"wpforms-field wpforms-field-text\" data-field-id=\"7\"><label class=\"wpforms-field-label\" for=\"wpforms-1531-field_7\">Formaci\u00f3n actual:<\/label><input type=\"text\" id=\"wpforms-1531-field_7\" class=\"wpforms-field-medium\" name=\"wpforms[fields][7]\" placeholder=\"Introduce su formaci\u00f3n actual\" ><\/div><div id=\"wpforms-1531-field_8-container\" class=\"wpforms-field wpforms-field-textarea\" data-field-id=\"8\"><label class=\"wpforms-field-label\" for=\"wpforms-1531-field_8\">\u00bfPor qu\u00e9 elegir\u00edas a jhf ingenier\u00eda para trabajar?<\/label><textarea id=\"wpforms-1531-field_8\" class=\"wpforms-field-medium\" name=\"wpforms[fields][8]\" ><\/textarea><\/div><\/div><div class=\"wpforms-field wpforms-field-hp\"><label for=\"wpforms-1531-field-hp\" class=\"wpforms-field-label\">Website<\/label><input type=\"text\" name=\"wpforms[hp]\" id=\"wpforms-1531-field-hp\" class=\"wpforms-field-medium\"><\/div><div class=\"wpforms-recaptcha-container wpforms-is-recaptcha\" ><div class=\"g-recaptcha\" data-sitekey=\"6LeNufUUAAAAAJ0K3gID7AnpHCY5K2YgwD81Pg-E\"><\/div><input type=\"text\" name=\"g-recaptcha-hidden\" class=\"wpforms-recaptcha-hidden\" style=\"position:absolute!important;clip:rect(0,0,0,0)!important;height:1px!important;width:1px!important;border:0!important;overflow:hidden!important;padding:0!important;margin:0!important;\" required><\/div><div class=\"wpforms-submit-container\" ><input type=\"hidden\" name=\"wpforms[id]\" value=\"1531\"><input type=\"hidden\" name=\"wpforms[author]\" value=\"1\"><button type=\"submit\" name=\"wpforms[submit]\" class=\"wpforms-submit \" id=\"wpforms-submit-1531\" value=\"wpforms-submit\" aria-live=\"assertive\" data-alt-text=\"Enviando...\" data-submit-text=\"Enviar\">Enviar<\/button><\/div><\/form><\/div>  <!-- .wpforms-container --><\/div>\n                <\/div>\n              <\/div>\n            <\/div>\n          <\/div>\n        <\/div>\n      <\/div>\n    <\/div>\n  <\/div>\n<\/div>","protected":false},"excerpt":{"rendered":"<p>En jhf, la b\u00fasqueda de la excelencia nunca se detiene, es por eso que constantemente motivamos el desarrollo de personas con excelentes aptitudes profesionales, que permitan establecer una relaci\u00f3n a largo plazo con la empresa. Queremos conocerte. Complet\u00e1 el formulario con tus datos y hac\u00e9 clic en el boton de enviar. En el momento en [&hellip;]<\/p>\n","protected":false},"author":1,"featured_media":0,"parent":0,"menu_order":0,"comment_status":"closed","ping_status":"closed","template":"page-templates\/full-width-page.php","meta":{"footnotes":""},"_links":{"self":[{"href":"http:\/\/jhf.com.py\/v6\/wp-json\/wp\/v2\/pages\/1528"}],"collection":[{"href":"http:\/\/jhf.com.py\/v6\/wp-json\/wp\/v2\/pages"}],"about":[{"href":"http:\/\/jhf.com.py\/v6\/wp-json\/wp\/v2\/types\/page"}],"author":[{"embeddable":true,"href":"http:\/\/jhf.com.py\/v6\/wp-json\/wp\/v2\/users\/1"}],"replies":[{"embeddable":true,"href":"http:\/\/jhf.com.py\/v6\/wp-json\/wp\/v2\/comments?post=1528"}],"version-history":[{"count":20,"href":"http:\/\/jhf.com.py\/v6\/wp-json\/wp\/v2\/pages\/1528\/revisions"}],"predecessor-version":[{"id":1961,"href":"http:\/\/jhf.com.py\/v6\/wp-json\/wp\/v2\/pages\/1528\/revisions\/1961"}],"wp:attachment":[{"href":"http:\/\/jhf.com.py\/v6\/wp-json\/wp\/v2\/media?parent=1528"}],"curies":[{"name":"wp","href":"https:\/\/api.w.org\/{rel}","templated":true}]}}