{"id":1306,"date":"2019-12-02T16:06:41","date_gmt":"2019-12-02T15:06:41","guid":{"rendered":"http:\/\/jhf.com.py\/v6\/?page_id=1306"},"modified":"2019-12-03T14:51:53","modified_gmt":"2019-12-03T13:51:53","slug":"preguntas-frecuentes","status":"publish","type":"page","link":"https:\/\/jhf.com.py\/v6\/preguntas-frecuentes\/","title":{"rendered":"Preguntas Frecuentes"},"content":{"rendered":"<div data-colibri-id=\"1306-c1\" class=\"style-587 style-local-1306-c1 position-relative\">\n  <!---->\n  <div data-colibri-component=\"section\" data-colibri-id=\"1306-c2\" id=\"initial-content\" class=\"h-section h-section-global-spacing d-flex align-items-lg-center align-items-md-center align-items-center style-588 style-local-1306-c2 position-relative\">\n    <!---->\n    <!---->\n    <div class=\"h-section-grid-container h-section-boxed-container\">\n      <!---->\n      <div data-colibri-id=\"1306-c6\" class=\"h-row-container gutters-row-lg-2 gutters-row-md-2 gutters-row-0 gutters-row-v-lg-2 gutters-row-v-md-2 gutters-row-v-2 style-594 style-local-1306-c6 position-relative\">\n        <!---->\n        <div class=\"h-row justify-content-lg-center justify-content-md-center justify-content-center align-items-lg-stretch align-items-md-stretch align-items-stretch gutters-col-lg-2 gutters-col-md-2 gutters-col-0 gutters-col-v-lg-2 gutters-col-v-md-2 gutters-col-v-2\">\n          <!---->\n          <div class=\"h-column h-column-container d-flex h-col-lg-auto h-col-md-auto h-col-auto style-595-outer style-local-1306-c7-outer\">\n            <div data-colibri-id=\"1306-c7\" class=\"d-flex h-flex-basis h-column__inner h-px-lg-2 h-px-md-2 h-px-2 v-inner-lg-2 v-inner-md-2 v-inner-2 style-595 style-local-1306-c7 position-relative\">\n              <!---->\n              <!---->\n              <div class=\"w-100 h-y-container h-column__content h-column__v-align flex-basis-100 align-self-lg-start align-self-md-start align-self-start\">\n                <!---->\n                <div light-box=\"hideLightBox\" data-style-class=\"style-593\" data-colibri-component=\"search\" data-colibri-id=\"1306-c8\" class=\"colibri_search_container style-593 style-local-1306-c8 position-relative h-element\">\n                  <!---->\n                  <div class=\"h-global-transition-all\"><form role=\"search\"  method=\"get\" class=\"search-form colibri_search_form\" action=\"https:\/\/jhf.com.py\/v6\/\">\n                    <div class=\"d-flex\">\n                      <input class=\"colibri_search_input search-field\" placeholder=\"Buscar pregunta..\" name=\"s\">\n                      <button type=\"submit\" class=\"colibri_search_button search-submit\">\n                        <svg version=\"1.1\" xmlns=\"http:\/\/www.w3.org\/2000\/svg\" xmlns:xlink=\"http:\/\/www.w3.org\/1999\/xlink\" id=\"search\" viewBox=\"0 0 1672.2646 1896.0833\">\n                          <path d=\"M1152 832q0-185-131.5-316.5T704 384 387.5 515.5 256 832t131.5 316.5T704 1280t316.5-131.5T1152 832zm512 832q0 52-38 90t-90 38q-54 0-90-38l-343-342q-179 124-399 124-143 0-273.5-55.5t-225-150-150-225T0 832t55.5-273.5 150-225 225-150T704 128t273.5 55.5 225 150 150 225T1408 832q0 220-124 399l343 343q37 37 37 90z\"><\/path>\n                        <\/svg>\n                      <\/button>\n                    <\/div><\/form><\/div>\n                <\/div>\n              <\/div>\n            <\/div>\n          <\/div>\n        <\/div>\n      <\/div>\n      <div data-colibri-id=\"1306-c3\" class=\"h-row-container gutters-row-lg-2 gutters-row-md-2 gutters-row-0 gutters-row-v-lg-2 gutters-row-v-md-2 gutters-row-v-2 style-589 style-local-1306-c3 position-relative\">\n        <!---->\n        <div class=\"h-row justify-content-lg-center justify-content-md-center justify-content-center align-items-lg-stretch align-items-md-stretch align-items-stretch gutters-col-lg-2 gutters-col-md-2 gutters-col-0 gutters-col-v-lg-2 gutters-col-v-md-2 gutters-col-v-2\">\n          <!---->\n          <div class=\"h-column h-column-container d-flex h-col-lg-auto h-col-md-auto h-col-auto style-590-outer style-local-1306-c4-outer\">\n            <div data-colibri-id=\"1306-c4\" class=\"d-flex h-flex-basis h-column__inner h-px-lg-2 h-px-md-2 h-px-2 v-inner-lg-2 v-inner-md-2 v-inner-2 style-590 style-local-1306-c4 position-relative\">\n              <!---->\n              <!---->\n              <div class=\"w-100 h-y-container h-column__content h-column__v-align flex-basis-100 align-self-lg-start align-self-md-start align-self-start\">\n                <!---->\n                <div data-colibri-id=\"1306-c5\" class=\"style-591 style-local-1306-c5 position-relative h-element\">\n                  <!---->\n                  <div><h3 id=\"faq-ventas\" class=\"arconix-faq-term-title arconix-faq-term-ventas\">Venta<\/h3><div id=\"faq-1348\" class=\"arconix-faq-wrap\"><div id=\"faq-ComohagounaventarapidatipoSupermercado\" class=\"arconix-faq-title faq-closed\">\u00bf Como hago una venta rapida ? (tipo Supermercado)<\/div><div class=\"arconix-faq-content faq-closed\">1. Ingrese en la opci\u00f3n {Movimientos\/Venta por Mostrador}\r\n2. Introduzca el codigo de barra\r\n3. El c\u00f3digo o la descripcion del articulo que se vender\u00e1 en el campo Art\u00edculo\r\n4. Luego solicitara cantidad (si no solicita es por que esta configurado para que no pida, vea como activar)\r\n5. Si desea cambiar el precio o cantidad presione la tecla [F2]\r\n6. Proceda de la misma manera hasta que pase todos los articulos que desea el cliente.\r\n7. Una vez finalizado presione la tecla [F12] o haga clic sobre el boton [PROCESAR].<\/div><\/div><\/div>\n                <\/div>\n              <\/div>\n            <\/div>\n          <\/div>\n        <\/div>\n      <\/div>\n    <\/div>\n  <\/div>\n<\/div>","protected":false},"excerpt":{"rendered":"","protected":false},"author":1,"featured_media":0,"parent":0,"menu_order":0,"comment_status":"closed","ping_status":"closed","template":"page-templates\/full-width-page.php","meta":{"footnotes":""},"_links":{"self":[{"href":"https:\/\/jhf.com.py\/v6\/wp-json\/wp\/v2\/pages\/1306"}],"collection":[{"href":"https:\/\/jhf.com.py\/v6\/wp-json\/wp\/v2\/pages"}],"about":[{"href":"https:\/\/jhf.com.py\/v6\/wp-json\/wp\/v2\/types\/page"}],"author":[{"embeddable":true,"href":"https:\/\/jhf.com.py\/v6\/wp-json\/wp\/v2\/users\/1"}],"replies":[{"embeddable":true,"href":"https:\/\/jhf.com.py\/v6\/wp-json\/wp\/v2\/comments?post=1306"}],"version-history":[{"count":4,"href":"https:\/\/jhf.com.py\/v6\/wp-json\/wp\/v2\/pages\/1306\/revisions"}],"predecessor-version":[{"id":1333,"href":"https:\/\/jhf.com.py\/v6\/wp-json\/wp\/v2\/pages\/1306\/revisions\/1333"}],"wp:attachment":[{"href":"https:\/\/jhf.com.py\/v6\/wp-json\/wp\/v2\/media?parent=1306"}],"curies":[{"name":"wp","href":"https:\/\/api.w.org\/{rel}","templated":true}]}}