{"id":2,"date":"2019-10-16T18:50:08","date_gmt":"2019-10-16T16:50:08","guid":{"rendered":"http:\/\/jhf.com.py\/v6\/?page_id=2"},"modified":"2021-04-07T17:44:09","modified_gmt":"2021-04-07T15:44:09","slug":"nosotros","status":"publish","type":"page","link":"https:\/\/jhf.com.py\/v6\/nosotros\/","title":{"rendered":"Nosotros"},"content":{"rendered":"<div data-colibri-id=\"2-c1\" class=\"style-489 style-local-2-c1 position-relative\">\n  <!---->\n  <div data-colibri-component=\"section\" data-colibri-id=\"2-c2\" id=\"initial-content\" class=\"h-section h-section-global-spacing d-flex align-items-lg-center align-items-md-center align-items-center style-490 style-local-2-c2 position-relative\">\n    <!---->\n    <!---->\n    <div class=\"h-section-grid-container h-section-boxed-container\">\n      <!---->\n      <div data-colibri-id=\"2-c3\" class=\"h-row-container gutters-row-lg-2 gutters-row-md-2 gutters-row-0 gutters-row-v-lg-2 gutters-row-v-md-2 gutters-row-v-2 style-499 style-local-2-c3 position-relative\">\n        <!---->\n        <div class=\"h-row justify-content-lg-center justify-content-md-center justify-content-center align-items-lg-stretch align-items-md-stretch align-items-stretch gutters-col-lg-2 gutters-col-md-2 gutters-col-0 gutters-col-v-lg-2 gutters-col-v-md-2 gutters-col-v-2\">\n          <!---->\n          <div class=\"h-column h-column-container d-flex h-col-lg-auto h-col-md-auto h-col-auto style-500-outer style-local-2-c4-outer\">\n            <div data-colibri-id=\"2-c4\" class=\"d-flex h-flex-basis h-column__inner h-px-lg-2 h-px-md-2 h-px-2 v-inner-lg-2 v-inner-md-2 v-inner-2 style-500 style-local-2-c4 position-relative\">\n              <!---->\n              <!---->\n              <div class=\"w-100 h-y-container h-column__content h-column__v-align flex-basis-100 align-self-lg-start align-self-md-start align-self-start\">\n                <!---->\n                <div data-colibri-id=\"2-c5\" class=\"d-flex align-items-center text-lg-center text-md-center text-center justify-content-lg-center justify-content-md-center justify-content-center style-508 style-local-2-c5 position-relative h-element\">\n                  <!---->\n                  <a rel=\"home\" href=\"https:\/\/jhf.com.py\/v6\/\" h-use-smooth-scroll=\"true\" class=\"d-flex align-items-center\">\n                    <img decoding=\"async\" src=\"https:\/\/jhf.com.py\/v6\/wp-content\/uploads\/2019\/10\/cropped-LOGO3-1.png\" class=\"h-logo__image h-logo__image_h logo-image style-508-image style-local-2-c5-image\" alt=\"\" \/>\n                    <img decoding=\"async\" src=\"http:\/\/jhf.com.py\/v6\/wp-content\/uploads\/2019\/10\/cropped-LOGO1-1-3.png\" class=\"h-logo__alt-image h-logo__alt-image_h logo-alt-image style-508-image style-local-2-c5-image\" alt=\"\" \/>\n                  <\/a>\n                <\/div>\n                <div data-colibri-id=\"2-c6\" class=\"h-text h-text-component style-501 style-local-2-c6 position-relative h-element\">\n                  <!---->\n                  <!---->\n                  <div class=\"\">\n                    <p>JHF Inform\u00e1tica esta en el mercado desde 1999, realizando actividades inform\u00e1ticas como:<\/p>\n                  <\/div>\n                <\/div>\n                <div data-colibri-id=\"2-c7\" class=\"h-row-container gutters-row-lg-2 gutters-row-md-2 gutters-row-0 gutters-row-v-lg-2 gutters-row-v-md-2 gutters-row-v-2 style-510 style-local-2-c7 position-relative\">\n                  <!---->\n                  <div class=\"h-row justify-content-lg-center justify-content-md-center justify-content-center align-items-lg-stretch align-items-md-stretch align-items-stretch gutters-col-lg-2 gutters-col-md-2 gutters-col-0 gutters-col-v-lg-2 gutters-col-v-md-2 gutters-col-v-2\">\n                    <!---->\n                    <div class=\"h-column h-column-container d-flex h-col-lg-auto h-col-md-auto h-col-auto style-511-outer style-local-2-c8-outer\">\n                      <div data-colibri-id=\"2-c8\" class=\"d-flex h-flex-basis h-column__inner h-px-lg-2 h-px-md-2 h-px-2 v-inner-lg-2 v-inner-md-2 v-inner-2 style-511 style-local-2-c8 position-relative\">\n                        <!---->\n                        <!---->\n                        <div class=\"w-100 h-y-container h-column__content h-column__v-align flex-basis-100 align-self-lg-start align-self-md-start align-self-start\">\n                          <!---->\n                          <div data-colibri-id=\"2-c9\" class=\"h-icon style-515 style-local-2-c9 position-relative h-element\">\n                            <!----><span class=\"h-svg-icon h-icon__icon style-515-icon style-local-2-c9-icon\"><!--Icon by Font Awesome (https:\/\/fontawesome.com)--><svg version=\"1.1\" xmlns=\"http:\/\/www.w3.org\/2000\/svg\" xmlns:xlink=\"http:\/\/www.w3.org\/1999\/xlink\" id=\"star\" viewBox=\"0 0 1664 1896.0833\"><path d=\"M1664 647q0 22-26 48l-363 354 86 500q1 7 1 20 0 21-10.5 35.5T1321 1619q-19 0-40-12l-449-236-449 236q-22 12-40 12-21 0-31.5-14.5T301 1569q0-6 2-20l86-500L25 695Q0 668 0 647q0-37 56-46l502-73L783 73q19-41 49-41t49 41l225 455 502 73q56 9 56 46z\"><\/path><\/svg><\/span><\/div>\n                          <div\n                            data-colibri-id=\"2-c10\" class=\"h-text h-text-component style-513 style-local-2-c10 position-relative h-element\">\n                            <!---->\n                            <!---->\n                            <div class=\"\">\n                              <p>Desarrollo de Sistemas Inform\u00e1ticos<\/p>\n                            <\/div>\n                        <\/div>\n                      <\/div>\n                    <\/div>\n                  <\/div>\n                  <div class=\"h-column h-column-container d-flex h-col-lg-auto h-col-md-auto h-col-auto style-516-outer style-local-2-c11-outer\">\n                    <div data-colibri-id=\"2-c11\" class=\"d-flex h-flex-basis h-column__inner h-px-lg-2 h-px-md-2 h-px-2 v-inner-lg-2 v-inner-md-2 v-inner-2 style-516 style-local-2-c11 position-relative\">\n                      <!---->\n                      <!---->\n                      <div class=\"w-100 h-y-container h-column__content h-column__v-align flex-basis-100 align-self-lg-start align-self-md-start align-self-start\">\n                        <!---->\n                        <div data-colibri-id=\"2-c12\" class=\"h-icon style-519 style-local-2-c12 position-relative h-element\">\n                          <!----><span class=\"h-svg-icon h-icon__icon style-519-icon style-local-2-c12-icon\"><!--Icon by Font Awesome (https:\/\/fontawesome.com)--><svg version=\"1.1\" xmlns=\"http:\/\/www.w3.org\/2000\/svg\" xmlns:xlink=\"http:\/\/www.w3.org\/1999\/xlink\" id=\"star\" viewBox=\"0 0 1664 1896.0833\"><path d=\"M1664 647q0 22-26 48l-363 354 86 500q1 7 1 20 0 21-10.5 35.5T1321 1619q-19 0-40-12l-449-236-449 236q-22 12-40 12-21 0-31.5-14.5T301 1569q0-6 2-20l86-500L25 695Q0 668 0 647q0-37 56-46l502-73L783 73q19-41 49-41t49 41l225 455 502 73q56 9 56 46z\"><\/path><\/svg><\/span><\/div>\n                        <div\n                          data-colibri-id=\"2-c13\" class=\"h-text h-text-component style-517 style-local-2-c13 position-relative h-element\">\n                          <!---->\n                          <!---->\n                          <div class=\"\">\n                            <p>Instalaciones de Redes Inform\u00e1ticas<\/p>\n                          <\/div>\n                      <\/div>\n                    <\/div>\n                  <\/div>\n                <\/div>\n                <div class=\"h-column h-column-container d-flex h-col-lg-auto h-col-md-auto h-col-auto style-520-outer style-local-2-c14-outer\">\n                  <div data-colibri-id=\"2-c14\" class=\"d-flex h-flex-basis h-column__inner h-px-lg-2 h-px-md-2 h-px-2 v-inner-lg-2 v-inner-md-2 v-inner-2 style-520 style-local-2-c14 position-relative\">\n                    <!---->\n                    <!---->\n                    <div class=\"w-100 h-y-container h-column__content h-column__v-align flex-basis-100 align-self-lg-start align-self-md-start align-self-start\">\n                      <!---->\n                      <div data-colibri-id=\"2-c15\" class=\"h-icon style-523 style-local-2-c15 position-relative h-element\">\n                        <!----><span class=\"h-svg-icon h-icon__icon style-523-icon style-local-2-c15-icon\"><!--Icon by Font Awesome (https:\/\/fontawesome.com)--><svg version=\"1.1\" xmlns=\"http:\/\/www.w3.org\/2000\/svg\" xmlns:xlink=\"http:\/\/www.w3.org\/1999\/xlink\" id=\"star\" viewBox=\"0 0 1664 1896.0833\"><path d=\"M1664 647q0 22-26 48l-363 354 86 500q1 7 1 20 0 21-10.5 35.5T1321 1619q-19 0-40-12l-449-236-449 236q-22 12-40 12-21 0-31.5-14.5T301 1569q0-6 2-20l86-500L25 695Q0 668 0 647q0-37 56-46l502-73L783 73q19-41 49-41t49 41l225 455 502 73q56 9 56 46z\"><\/path><\/svg><\/span><\/div>\n                      <div\n                        data-colibri-id=\"2-c16\" class=\"h-text h-text-component style-521 style-local-2-c16 position-relative h-element\">\n                        <!---->\n                        <!---->\n                        <div class=\"\">\n                          <p>Asesoramiento Inform\u00e1tico<\/p>\n                        <\/div>\n                    <\/div>\n                  <\/div>\n                <\/div>\n              <\/div>\n              <div class=\"h-column h-column-container d-flex h-col-lg-auto h-col-md-auto h-col-auto style-524-outer style-local-2-c17-outer\">\n                <div data-colibri-id=\"2-c17\" class=\"d-flex h-flex-basis h-column__inner h-px-lg-2 h-px-md-2 h-px-2 v-inner-lg-2 v-inner-md-2 v-inner-2 style-524 style-local-2-c17 position-relative\">\n                  <!---->\n                  <!---->\n                  <div class=\"w-100 h-y-container h-column__content h-column__v-align flex-basis-100 align-self-lg-start align-self-md-start align-self-start\">\n                    <!---->\n                    <div data-colibri-id=\"2-c18\" class=\"h-icon style-527 style-local-2-c18 position-relative h-element\">\n                      <!----><span class=\"h-svg-icon h-icon__icon style-527-icon style-local-2-c18-icon\"><!--Icon by Font Awesome (https:\/\/fontawesome.com)--><svg version=\"1.1\" xmlns=\"http:\/\/www.w3.org\/2000\/svg\" xmlns:xlink=\"http:\/\/www.w3.org\/1999\/xlink\" id=\"star\" viewBox=\"0 0 1664 1896.0833\"><path d=\"M1664 647q0 22-26 48l-363 354 86 500q1 7 1 20 0 21-10.5 35.5T1321 1619q-19 0-40-12l-449-236-449 236q-22 12-40 12-21 0-31.5-14.5T301 1569q0-6 2-20l86-500L25 695Q0 668 0 647q0-37 56-46l502-73L783 73q19-41 49-41t49 41l225 455 502 73q56 9 56 46z\"><\/path><\/svg><\/span><\/div>\n                    <div\n                      data-colibri-id=\"2-c19\" class=\"h-text h-text-component style-525 style-local-2-c19 position-relative h-element\">\n                      <!---->\n                      <!---->\n                      <div class=\"\">\n                        <p>Adiestramientos y cursos<\/p>\n                      <\/div>\n                  <\/div>\n                <\/div>\n              <\/div>\n            <\/div>\n          <\/div>\n        <\/div>\n        <div data-colibri-id=\"2-c20\" class=\"h-text h-text-component style-529 style-local-2-c20 position-relative h-element\">\n          <!---->\n          <!---->\n          <div class=\"\">\n            <p>La oficina se encuentra en el B\u00ba Pablo Rojas, Avda. Cnel. Jos\u00e9 S\u00e1nchez sal\u00f3n N\u00ba 3 Tele. 061. 571050. Al frente de la empresa se encuentra Jorge Hugo Fari\u00f1a, Ingeniero en Inform\u00e1tica y Analista de Sistema, especializado en Ingenier\u00eda de Software\n              por la Universidad Federal de R\u00edo de Janeiro. El mismo lidera un grupo de un analista, dos programadores, dos asesores de clientes, y dos t\u00e9cnicos para la gesti\u00f3n inform\u00e1tica. Los sistemas son propietarios de la empresa es decir, todos los\n              c\u00f3digos fuentes de los sistemas est\u00e1n en nuestras oficinas permitiendo esto en casos de nuevas necesidades poder desarrollar los pedidos.<\/p>\n          <\/div>\n        <\/div>\n      <\/div>\n    <\/div>\n  <\/div>\n<\/div>\n<\/div>\n<div data-colibri-id=\"2-c21\" class=\"h-row-container gutters-row-lg-2 gutters-row-md-2 gutters-row-0 gutters-row-v-lg-2 gutters-row-v-md-2 gutters-row-v-2 style-1068 style-local-2-c21 position-relative\">\n  <!---->\n  <div class=\"h-row justify-content-lg-center justify-content-md-center justify-content-center align-items-lg-stretch align-items-md-stretch align-items-stretch gutters-col-lg-2 gutters-col-md-2 gutters-col-0 gutters-col-v-lg-2 gutters-col-v-md-2 gutters-col-v-2\">\n    <!---->\n    <div class=\"h-column h-column-container d-flex h-col-lg-auto h-col-md-auto h-col-auto style-1069-outer style-local-2-c22-outer\">\n      <div data-colibri-id=\"2-c22\" class=\"d-flex h-flex-basis h-column__inner h-px-lg-2 h-px-md-2 h-px-2 v-inner-lg-2 v-inner-md-2 v-inner-2 style-1069 style-local-2-c22 position-relative\">\n        <!---->\n        <!---->\n        <div class=\"w-100 h-y-container h-column__content h-column__v-align flex-basis-100 align-self-lg-start align-self-md-start align-self-start\">\n          <!---->\n          <div data-colibri-id=\"2-c23\" class=\"h-x-container style-1070 style-local-2-c23 position-relative h-element\">\n            <!---->\n            <div class=\"h-x-container-inner style-dynamic-2-c23-group style-1070-spacing style-local-2-c23-spacing\"><span class=\"h-button__outer style-1071-outer style-local-2-c24-outer d-inline-flex h-element\"><a h-use-smooth-scroll=\"true\" href=\"http:\/\/jhf.com.py\/v6\/\"  data-colibri-id=\"2-c24\" class=\"d-flex w-100 align-items-center h-button justify-content-lg-center justify-content-md-center justify-content-center style-1071 style-local-2-c24 position-relative\"><!----><!----> <span>Volver al inicio<\/span><\/a>\n              <\/span>\n            <\/div>\n          <\/div>\n        <\/div>\n      <\/div>\n    <\/div>\n  <\/div>\n<\/div>\n<div data-colibri-id=\"2-c25\" class=\"h-row-container gutters-row-lg-0 gutters-row-md-0 gutters-row-0 gutters-row-v-lg-0 gutters-row-v-md-0 gutters-row-v-0 style-491 style-local-2-c25 position-relative\">\n  <!---->\n  <div class=\"h-row justify-content-lg-center justify-content-md-center justify-content-center align-items-lg-stretch align-items-md-stretch align-items-stretch gutters-col-lg-0 gutters-col-md-0 gutters-col-0 gutters-col-v-lg-0 gutters-col-v-md-0 gutters-col-v-0\">\n    <!---->\n    <div class=\"h-column h-column-container d-flex h-col-lg-auto h-col-md-auto h-col-auto style-492-outer style-local-2-c26-outer\">\n      <div data-colibri-id=\"2-c26\" class=\"d-flex h-flex-basis h-column__inner h-px-lg-0 h-px-md-0 h-px-0 v-inner-lg-0 v-inner-md-0 v-inner-0 style-492 style-local-2-c26 position-relative\">\n        <!---->\n        <!---->\n        <div class=\"w-100 h-y-container h-column__content h-column__v-align flex-basis-100 align-self-lg-center align-self-md-center align-self-center\">\n          <!---->\n          <div data-colibri-id=\"2-c27\" class=\"h-divider style-498 style-local-2-c27 position-relative h-element\">\n            <!----><span class=\"h-divider__line style-498-line style-local-2-c27-line style-498-line style-local-2-c27-line\"><\/span> <span class=\"h-svg-icon h-divider__icon style-498-icon style-local-2-c27-icon\"><!--Icon by Font Awesome (https:\/\/fontawesome.com)--><svg version=\"1.1\" xmlns=\"http:\/\/www.w3.org\/2000\/svg\" xmlns:xlink=\"http:\/\/www.w3.org\/1999\/xlink\" id=\"star\" viewBox=\"0 0 1664 1896.0833\"><path d=\"M1664 647q0 22-26 48l-363 354 86 500q1 7 1 20 0 21-10.5 35.5T1321 1619q-19 0-40-12l-449-236-449 236q-22 12-40 12-21 0-31.5-14.5T301 1569q0-6 2-20l86-500L25 695Q0 668 0 647q0-37 56-46l502-73L783 73q19-41 49-41t49 41l225 455 502 73q56 9 56 46z\"><\/path><\/svg><\/span>            <span class=\"h-divider__line style-498-line style-local-2-c27-line style-498-line style-local-2-c27-line\"><\/span><\/div>\n        <\/div>\n      <\/div>\n    <\/div>\n  <\/div>\n<\/div>\n<\/div>\n<\/div>\n<\/div>","protected":false},"excerpt":{"rendered":"<p>JHF Inform\u00e1tica esta en el mercado desde 1999, realizando actividades inform\u00e1ticas como: Desarrollo de Sistemas Inform\u00e1ticos Instalaciones de Redes Inform\u00e1ticas Asesoramiento Inform\u00e1tico Adiestramientos y cursos La oficina se encuentra en el B\u00ba Pablo Rojas, Avda. Cnel. Jos\u00e9 S\u00e1nchez sal\u00f3n N\u00ba 3 Tele. 061. 571050. Al frente de la empresa se encuentra Jorge Hugo Fari\u00f1a, Ingeniero [&hellip;]<\/p>\n","protected":false},"author":1,"featured_media":0,"parent":0,"menu_order":0,"comment_status":"closed","ping_status":"open","template":"page-templates\/full-width-page.php","meta":{"footnotes":""},"_links":{"self":[{"href":"https:\/\/jhf.com.py\/v6\/wp-json\/wp\/v2\/pages\/2"}],"collection":[{"href":"https:\/\/jhf.com.py\/v6\/wp-json\/wp\/v2\/pages"}],"about":[{"href":"https:\/\/jhf.com.py\/v6\/wp-json\/wp\/v2\/types\/page"}],"author":[{"embeddable":true,"href":"https:\/\/jhf.com.py\/v6\/wp-json\/wp\/v2\/users\/1"}],"replies":[{"embeddable":true,"href":"https:\/\/jhf.com.py\/v6\/wp-json\/wp\/v2\/comments?post=2"}],"version-history":[{"count":12,"href":"https:\/\/jhf.com.py\/v6\/wp-json\/wp\/v2\/pages\/2\/revisions"}],"predecessor-version":[{"id":4713,"href":"https:\/\/jhf.com.py\/v6\/wp-json\/wp\/v2\/pages\/2\/revisions\/4713"}],"wp:attachment":[{"href":"https:\/\/jhf.com.py\/v6\/wp-json\/wp\/v2\/media?parent=2"}],"curies":[{"name":"wp","href":"https:\/\/api.w.org\/{rel}","templated":true}]}}